{"id":5962,"date":"2022-08-28T08:39:25","date_gmt":"2022-08-28T08:39:25","guid":{"rendered":"https:\/\/topcorpsbcn.com\/?page_id=5962"},"modified":"2022-09-15T18:24:17","modified_gmt":"2022-09-15T18:24:17","slug":"terms-conditions","status":"publish","type":"page","link":"https:\/\/topcorpsbcn.com\/es\/terms-conditions","title":{"rendered":"T\u00e9rminos y condiciones"},"content":{"rendered":"<p><strong>OVERVIEW<\/strong><\/p>\n\n\n\n<p>Este sitio web es operado por Top Corps Bcn. En todo el sitio, los t\u00e9rminos \u201cnosotros\u201d, \u201cnos\u201d y \u201cnuestro\u201d se refieren a Top Corps Bcn. Top Corps Bcn ofrece este sitio web, que incluye toda la informaci\u00f3n, herramientas y servicios disponibles para ti en este sitio, el usuario, est\u00e1 condicionado a la aceptaci\u00f3n de todos los t\u00e9rminos, condiciones, pol\u00edticas y notificaciones aqu\u00ed establecidos.<\/p>\n\n\n\n<p>Al visitar nuestro sitio y\/o comprar algo de nosotros, usted participa en nuestro \"Servicio\" y acepta estar sujeto a los siguientes t\u00e9rminos y condiciones (\"T\u00e9rminos de servicio\", \"T\u00e9rminos\"), incluidos los t\u00e9rminos y condiciones y pol\u00edticas adicionales referido aqu\u00ed y\/o disponible por hiperv\u00ednculo. Estos T\u00e9rminos de servicio se aplican a todos los usuarios del sitio, incluidos, entre otros, los usuarios que son navegadores, proveedores, clientes, comerciantes y\/o contribuyentes de contenido.<\/p>\n\n\n\n<p>Cualquier funci\u00f3n o herramienta nueva que se agregue a la tienda actual tambi\u00e9n estar\u00e1 sujeta a los T\u00e9rminos de servicio. Puede revisar la \u00faltima versi\u00f3n de los T\u00e9rminos de servicio en cualquier momento en esta p\u00e1gina. Nos reservamos el derecho de actualizar, cambiar o reemplazar cualquier parte de estos T\u00e9rminos de servicio mediante la publicaci\u00f3n de actualizaciones y\/o cambios en nuestro sitio web. Es su responsabilidad revisar esta p\u00e1gina peri\u00f3dicamente para ver si hay cambios. Su uso o acceso al sitio web despu\u00e9s de la publicaci\u00f3n de cualquier cambio constituye la aceptaci\u00f3n de dichos cambios.<\/p>\n\n\n\n<p><strong>I \u2013 CONDICIONES DE LA TIENDA ONLINE<\/strong><br>Al aceptar estos T\u00e9rminos de servicio, usted declara que tiene al menos la mayor\u00eda de edad en su estado o provincia de residencia, o que tiene la mayor\u00eda de edad en su estado o provincia de residencia y nos ha dado su consentimiento para permitir cualquiera de sus dependientes menores utiliza este sitio.<br>No puede usar nuestros productos para ning\u00fan prop\u00f3sito ilegal o no autorizado, ni puede, al usar el Servicio, violar ninguna ley en su jurisdicci\u00f3n (incluidas, entre otras, las leyes de derechos de autor).<br>Una violaci\u00f3n de cualquiera de los T\u00e9rminos resultar\u00e1 en la terminaci\u00f3n inmediata de sus Servicios.<\/p>\n\n\n\n<p><strong>II \u2013 CONDICIONES GENERALES<\/strong><br>Nos reservamos el derecho de rechazar el servicio a cualquier persona por cualquier motivo en cualquier momento.<br>Usted comprende que su contenido (sin incluir la informaci\u00f3n de la tarjeta de cr\u00e9dito) puede transferirse sin cifrar e involucrar (a) transmisiones a trav\u00e9s de varias redes; y (b) cambios para cumplir y adaptarse a los requisitos t\u00e9cnicos de conexi\u00f3n de redes o dispositivos. La informaci\u00f3n de la tarjeta de cr\u00e9dito siempre se cifra durante la transferencia a trav\u00e9s de las redes.<br>Usted acepta no reproducir, duplicar, copiar, vender, revender ni explotar ninguna parte del Servicio, el uso del Servicio o el acceso al Servicio o cualquier contacto en el sitio web a trav\u00e9s del cual se proporciona el servicio, sin nuestro permiso expreso por escrito.<br>Los t\u00edtulos utilizados en este acuerdo se incluyen solo por conveniencia y no limitar\u00e1n ni afectar\u00e1n estos T\u00e9rminos.<\/p>\n\n\n\n<p><strong>III \u2013 EXACTITUD E INFORMACI\u00d3N EN LA P\u00c1GINA<\/strong><br>No somos responsables si la informaci\u00f3n disponible en este sitio no es precisa, completa o actual. El material de este sitio se proporciona solo como informaci\u00f3n general y no debe confiarse en \u00e9l ni utilizarse como la \u00fanica base para tomar decisiones sin consultar fuentes de informaci\u00f3n primarias, m\u00e1s precisas, m\u00e1s completas o m\u00e1s oportunas. Cualquier confianza en el material de este sitio es bajo su propio riesgo.<br>Este sitio puede contener cierta informaci\u00f3n hist\u00f3rica. La informaci\u00f3n hist\u00f3rica no es necesariamente actual y se proporciona solo para su referencia. Nos reservamos el derecho de modificar el contenido de este sitio en cualquier momento, pero no tenemos la obligaci\u00f3n de actualizar ninguna informaci\u00f3n en nuestro sitio. Usted acepta que es su responsabilidad monitorear los cambios en nuestro sitio.<\/p>\n\n\n\n<p><strong>IV - MODIFICACIONES AL SERVICIO Y PRECIOS<\/strong><br>Los precios de nuestros productos est\u00e1n sujetos a cambios sin previo aviso.<br>Nos reservamos el derecho en cualquier momento de modificar o descontinuar el Servicio (o cualquier parte o contenido del mismo) sin previo aviso en cualquier momento.<br>No seremos responsables ante usted o cualquier tercero por cualquier modificaci\u00f3n, cambio de precio, suspensi\u00f3n o interrupci\u00f3n del Servicio.<\/p>\n\n\n\n<p><strong>V \u2013 PRODUCTOS O SERVICIOS (si corresponde)<\/strong><br>Ciertos productos o servicios pueden estar disponibles exclusivamente en l\u00ednea a trav\u00e9s del sitio web. Estos productos o servicios pueden tener cantidades limitadas y est\u00e1n sujetos a devoluci\u00f3n o cambio solo de acuerdo con nuestra Pol\u00edtica de devoluci\u00f3n.<br>Hemos hecho todo lo posible para mostrar con la mayor precisi\u00f3n posible los colores y las im\u00e1genes de nuestros productos que aparecen en la tienda.<\/p>\n\n\n\n<p>No podemos garantizar que la visualizaci\u00f3n de cualquier color en el monitor de su computadora sea precisa.<br>Nos reservamos el derecho, pero no estamos obligados, a limitar las ventas de nuestros productos o servicios a cualquier persona, regi\u00f3n geogr\u00e1fica o jurisdicci\u00f3n. Podemos ejercer este derecho caso por caso. Nos reservamos el derecho de limitar las cantidades de cualquier producto o servicio que ofrecemos. Todas las descripciones de los productos o los precios de los productos est\u00e1n sujetos a cambios en cualquier momento sin previo aviso, a nuestro exclusivo criterio. Nos reservamos el derecho de descontinuar cualquier producto en cualquier momento.<\/p>\n\n\n\n<p><strong>VI - EXACTITUD DE LA FACTURACI\u00d3N Y LA INFORMACI\u00d3N DE LA CUENTA<\/strong><br>Nos reservamos el derecho de rechazar cualquier pedido que realice con nosotros. Podemos, a nuestro exclusivo criterio, limitar o cancelar las cantidades compradas por persona, por hogar o por pedido. Estas restricciones pueden incluir pedidos realizados por o bajo la misma cuenta de cliente, la misma tarjeta de cr\u00e9dito y\/o pedidos que utilizan la misma direcci\u00f3n de facturaci\u00f3n y\/o env\u00edo. En el caso de que realicemos un cambio o cancelemos un pedido, se lo notificaremos por correo electr\u00f3nico y\/o a la direcci\u00f3n de facturaci\u00f3n\/n\u00famero de tel\u00e9fono proporcionado en el momento en que se realiz\u00f3 el pedido. Nos reservamos el derecho de limitar o prohibir los pedidos que, a nuestro exclusivo criterio, parezcan realizados por distribuidores, revendedores o distribuidores.<\/p>\n\n\n\n<p>Usted acepta proporcionar informaci\u00f3n actual, completa y precisa sobre la cuenta y la compra para todas las compras realizadas en nuestra tienda. Usted acepta actualizar de inmediato su cuenta y otra informaci\u00f3n, incluida su direcci\u00f3n de correo electr\u00f3nico y n\u00fameros de tarjeta de cr\u00e9dito y fechas de vencimiento, para que podamos completar sus transacciones y comunicarnos con usted seg\u00fan sea necesario.<\/p>\n\n\n\n<p><strong>VII \u2013 COMENTARIOS DE USUARIOS, COMENTARIOS Y OTRAS COMUNICACIONES<\/strong><\/p>\n\n\n\n<p>Si, a petici\u00f3n nuestra, env\u00eda ciertos env\u00edos espec\u00edficos (por ejemplo, participaciones en concursos) o sin que lo solicitemos, env\u00eda ideas creativas, sugerencias, propuestas, planes u otros materiales, ya sea en l\u00ednea, por correo electr\u00f3nico, por correo o de lo contrario (colectivamente, \"comentarios\"), usted acepta que podemos, en cualquier momento, sin restricciones, editar, copiar, publicar, distribuir, traducir y utilizar de cualquier otro modo en cualquier medio cualquier comentario que nos env\u00ede. No estamos ni estaremos obligados (1) a mantener la confidencialidad de los comentarios; (2) pagar compensaci\u00f3n por cualquier comentario; o (3) para responder a cualquier comentario.<br>Podemos, pero no tenemos la obligaci\u00f3n de, monitorear, editar o eliminar contenido que, a nuestro exclusivo criterio, determinemos que es ilegal, ofensivo, amenazante, calumnioso, difamatorio, pornogr\u00e1fico, obsceno u objetable o que viola la propiedad intelectual de cualquier parte. o estos T\u00e9rminos de servicio.<br>Usted acepta que sus comentarios no violar\u00e1n ning\u00fan derecho de terceros, incluidos los derechos de autor, marca comercial, privacidad, personalidad u otros derechos personales o de propiedad. Adem\u00e1s, acepta que sus comentarios no contendr\u00e1n material difamatorio o ilegal, abusivo u obsceno, ni virus inform\u00e1ticos u otro malware que pueda afectar el funcionamiento del Servicio o cualquier sitio web relacionado. No puede usar una direcci\u00f3n de correo electr\u00f3nico falsa, pretender ser otra persona que no sea usted mismo o enga\u00f1arnos a nosotros o a terceros en cuanto al origen de cualquier comentario. Usted es el \u00fanico responsable de cualquier comentario que haga y de su exactitud. No somos responsables ni asumimos ninguna responsabilidad por cualquier comunicaci\u00f3n.<\/p>","protected":false},"excerpt":{"rendered":"<p>OVERVIEW This website is operated by Top Corps Bcn. Throughout the site, the terms \u201cwe\u201d, \u201cus\u201d and \u201cour\u201d refer to Top Corps Bcn. Top Corps&#8230;<\/p>","protected":false},"author":1,"featured_media":0,"parent":0,"menu_order":0,"comment_status":"closed","ping_status":"closed","template":"","meta":{"footnotes":""},"class_list":["post-5962","page","type-page","status-publish"],"_links":{"self":[{"href":"https:\/\/topcorpsbcn.com\/es\/wp-json\/wp\/v2\/pages\/5962","targetHints":{"allow":["GET"]}}],"collection":[{"href":"https:\/\/topcorpsbcn.com\/es\/wp-json\/wp\/v2\/pages"}],"about":[{"href":"https:\/\/topcorpsbcn.com\/es\/wp-json\/wp\/v2\/types\/page"}],"author":[{"embeddable":true,"href":"https:\/\/topcorpsbcn.com\/es\/wp-json\/wp\/v2\/users\/1"}],"replies":[{"embeddable":true,"href":"https:\/\/topcorpsbcn.com\/es\/wp-json\/wp\/v2\/comments?post=5962"}],"version-history":[{"count":3,"href":"https:\/\/topcorpsbcn.com\/es\/wp-json\/wp\/v2\/pages\/5962\/revisions"}],"predecessor-version":[{"id":6156,"href":"https:\/\/topcorpsbcn.com\/es\/wp-json\/wp\/v2\/pages\/5962\/revisions\/6156"}],"wp:attachment":[{"href":"https:\/\/topcorpsbcn.com\/es\/wp-json\/wp\/v2\/media?parent=5962"}],"curies":[{"name":"wp","href":"https:\/\/api.w.org\/{rel}","templated":true}]}}