{"id":5964,"date":"2022-08-28T08:39:54","date_gmt":"2022-08-28T08:39:54","guid":{"rendered":"https:\/\/topcorpsbcn.com\/?page_id=5964"},"modified":"2022-09-14T13:50:46","modified_gmt":"2022-09-14T13:50:46","slug":"shipping-returns","status":"publish","type":"page","link":"https:\/\/topcorpsbcn.com\/es\/shipping-returns","title":{"rendered":"Env\u00edo y devoluciones"},"content":{"rendered":"<h3 class=\"wp-block-heading\"><strong>Env\u00edos<\/strong><\/h3>\n\n\n\n<p>Ofrecemos ENV\u00cdO GRATIS A TODO EL MUNDO en pedidos superiores a 100\u20ac<\/p>\n\n\n\n<p>Los precios de env\u00edo son <a href=\"https:\/\/www.correos.es\/content\/dam\/correos\/documentos\/atc\/tarifas\/2022\/TARIFARIO-WEB_Peninsula-Baleares_2022.pdf\">Correos Spain<\/a> tarifas publicas. Aportamos 2\u20ac por cada env\u00edo, para que nuestros clientes no tengan que pagar el precio total: <\/p>\n\n\n\n<p>Espa\u00f1a \u21fe 4.45 \u20ac<\/p>\n\n\n\n<p>Europa \u21fe 9.70 \u20ac<\/p>\n\n\n\n<p>Resto del mundo \u21fe 12.45 \u20ac<\/p>\n\n\n\n<p>Despu\u00e9s de la confirmaci\u00f3n del pedido, la entrega demora de 4 a 14 d\u00edas. Durante las rebajas y otras promociones, la entrega tarda un poco m\u00e1s de lo habitual.<\/p>\n\n\n\n<p>Tenga en cuenta que todos los paquetes internacionales pueden estar sujetos a aranceles e impuestos. Las autoridades aduaneras locales establecen los l\u00edmites para los paquetes libres de impuestos. Top Corps\u00a0no se har\u00e1 responsable de ninguna tarifa, arancel e impuesto que pueda aplicarse a su pedido por parte de la aduana en el pa\u00eds donde se realiza la entrega.<\/p>\n\n\n\n<p>P\u00f3ngase en contacto con las oficinas de aduanas locales si desea obtener m\u00e1s informaci\u00f3n sobre los impuestos y aranceles aplicables en su propio pa\u00eds.<\/p>\n\n\n\n<h3 class=\"wp-block-heading\"><strong>Devoluciones<\/strong><\/h3>\n\n\n\n<p>Si desea un tama\u00f1o diferente o cambia de opini\u00f3n, podemos ofrecerle un reembolso completo o un cambio. Primero, por favor, cont\u00e1ctenos en&nbsp;<a href=\"mailto:hello@topcorpsbcn.com\">hello@topcorpsbcn.com<\/a>&nbsp;explicando tu caso. Una vez que tu devoluci\u00f3n sea aceptada por nosotros, deber\u00e1s devolver el art\u00edculo en un plazo de 14 d\u00edas desde que lo hayas recibido a la direcci\u00f3n facilitada en Espa\u00f1a.<\/p>\n\n\n\n<p>Tenga en cuenta que no cubriremos los gastos de env\u00edo y manejo al devolver y devolver un art\u00edculo. Utilice un servicio de mensajer\u00eda seguro, asegurado y con seguimiento, ya que no podemos aceptar ninguna responsabilidad por ning\u00fan art\u00edculo que no llegue a nuestras instalaciones en Espa\u00f1a.<\/p>\n\n\n\n<p><strong>*IMPORTANTE: Condiciones de devoluci\u00f3n<\/strong><\/p>\n\n\n\n<ul class=\"wp-block-list\"><li>El producto no debe tener signos de uso.<\/li><li>Los art\u00edculos\u00a0deben\u00a0estar nuevos, sin lavar y con todas las etiquetas adheridas<\/li><li>El producto debe estar en perfectas condiciones y en su embalaje original.<\/li><li>Los accesorios deben incluir todas las piezas contenidas en el embalaje original.<\/li><\/ul>\n\n\n\n<p>Cuando recibamos los art\u00edculos devueltos, le informaremos por correo electr\u00f3nico. Nuestro departamento de calidad comprobar\u00e1 el estado de los art\u00edculos y, si cumplen las condiciones de devoluci\u00f3n, autorizaremos la devoluci\u00f3n en 48 horas.<\/p>\n\n\n\n<p>Se le reembolsar\u00e1 en la misma forma de pago que eligi\u00f3 cuando realiz\u00f3 el pedido.<\/p>","protected":false},"excerpt":{"rendered":"<p>Shipping We offer FREE SHIPPING WORLDWIDE on orders over 100\u20ac Shipping prices are Correos Spain public fees. We contribute 2\u20ac for each shipment, so our&#8230;<\/p>","protected":false},"author":1,"featured_media":0,"parent":0,"menu_order":0,"comment_status":"closed","ping_status":"closed","template":"","meta":{"footnotes":""},"class_list":["post-5964","page","type-page","status-publish"],"_links":{"self":[{"href":"https:\/\/topcorpsbcn.com\/es\/wp-json\/wp\/v2\/pages\/5964","targetHints":{"allow":["GET"]}}],"collection":[{"href":"https:\/\/topcorpsbcn.com\/es\/wp-json\/wp\/v2\/pages"}],"about":[{"href":"https:\/\/topcorpsbcn.com\/es\/wp-json\/wp\/v2\/types\/page"}],"author":[{"embeddable":true,"href":"https:\/\/topcorpsbcn.com\/es\/wp-json\/wp\/v2\/users\/1"}],"replies":[{"embeddable":true,"href":"https:\/\/topcorpsbcn.com\/es\/wp-json\/wp\/v2\/comments?post=5964"}],"version-history":[{"count":12,"href":"https:\/\/topcorpsbcn.com\/es\/wp-json\/wp\/v2\/pages\/5964\/revisions"}],"predecessor-version":[{"id":6067,"href":"https:\/\/topcorpsbcn.com\/es\/wp-json\/wp\/v2\/pages\/5964\/revisions\/6067"}],"wp:attachment":[{"href":"https:\/\/topcorpsbcn.com\/es\/wp-json\/wp\/v2\/media?parent=5964"}],"curies":[{"name":"wp","href":"https:\/\/api.w.org\/{rel}","templated":true}]}}