{"id":5966,"date":"2022-08-28T08:40:04","date_gmt":"2022-08-28T08:40:04","guid":{"rendered":"https:\/\/topcorpsbcn.com\/?page_id=5966"},"modified":"2022-09-15T17:32:59","modified_gmt":"2022-09-15T17:32:59","slug":"privacy-policy-2","status":"publish","type":"page","link":"https:\/\/topcorpsbcn.com\/es\/privacy-policy-2","title":{"rendered":"Pol\u00edtica de privacidad"},"content":{"rendered":"<p>La presente Pol\u00edtica de Privacidad establece los t\u00e9rminos en que Top Corps Bcn usa y protege la informaci\u00f3n que es proporcionada por sus usuarios al momento de utilizar su sitio web. Esta empresa est\u00e1 comprometida con la seguridad de los datos de sus usuarios. Cuando le solicitamos que complete los campos de informaci\u00f3n personal con los que puede identificarse, lo hacemos asegur\u00e1ndonos de que solo se utilizar\u00e1 de acuerdo con los t\u00e9rminos de este documento. Sin embargo, esta Pol\u00edtica de Privacidad puede cambiar con el tiempo o ser actualizada por lo que le recomendamos y enfatizamos revisar continuamente esta p\u00e1gina para asegurarse que est\u00e1 de acuerdo con dichos cambios.<\/p>\n\n\n\n<p><strong>Informaci\u00f3n que se recopila<\/strong><\/p>\n\n\n\n<p>Nuestro sitio web puede recopilar informaci\u00f3n personal como: Nombre, informaci\u00f3n de contacto como su direcci\u00f3n de correo electr\u00f3nico e informaci\u00f3n demogr\u00e1fica. Asimismo, cuando sea necesario, se podr\u00e1 requerir informaci\u00f3n espec\u00edfica para procesar un pedido o realizar una entrega o facturaci\u00f3n.<\/p>\n\n\n\n<p><strong>Uso de la informaci\u00f3n recopilada<\/strong><\/p>\n\n\n\n<p>Nuestro sitio web utiliza la informaci\u00f3n para brindar el mejor servicio posible, particularmente para realizar un seguimiento de los usuarios, de los pedidos cuando corresponda, y para mejorar nuestros productos y servicios. Es posible que peri\u00f3dicamente a trav\u00e9s de nuestro sitio se env\u00eden correos electr\u00f3nicos con ofertas especiales, nuevos productos y otra informaci\u00f3n publicitaria que consideremos relevante para usted o que pueda brindarle beneficios, estos correos electr\u00f3nicos ser\u00e1n enviados a la direcci\u00f3n que usted proporcione y podr\u00e1n ser cancelado en cualquier momento.<\/p>\n\n\n\n<p>Top Corps est\u00e1 altamente comprometido con el cumplimiento del compromiso de mantener su informaci\u00f3n segura. Utilizamos los sistemas m\u00e1s avanzados y los actualizamos constantemente para asegurarnos de que no haya accesos no autorizados.<\/p>\n\n\n\n<p><strong>Cookies<\/strong><\/p>\n\n\n\n<p>Una cookie se refiere a un archivo que se env\u00eda para solicitar permiso para almacenarse en su computadora. Al aceptar este archivo, se crea la cookie y luego sirve para tener informaci\u00f3n sobre el tr\u00e1fico web, y tambi\u00e9n facilita futuras visitas a un sitio web. recurrente. Otra funci\u00f3n que tienen las cookies es que con ellas los sitios web pueden reconocerte individualmente y por lo tanto brindarte el mejor servicio personalizado en su sitio web.<\/p>\n\n\n\n<p>Nuestro sitio web utiliza cookies para identificar las p\u00e1ginas que se visitan y su frecuencia. Esta informaci\u00f3n se usa solo para an\u00e1lisis estad\u00edsticos y luego la informaci\u00f3n se elimina de forma permanente. Puede eliminar las cookies en cualquier momento desde su computadora. Sin embargo, las cookies ayudan a brindar un mejor servicio a los sitios web, no dan acceso a informaci\u00f3n de su computadora o de usted, a menos que usted lo desee y lo proporcione directamente, visitas a un sitio web. Puede aceptar o rechazar el uso de cookies, sin embargo la mayor\u00eda de los navegadores aceptan cookies autom\u00e1ticamente ya que sirve para tener un mejor servicio web. Tambi\u00e9n puede cambiar la configuraci\u00f3n de su computadora para rechazar las cookies. Si se rechazan, es posible que no pueda utilizar algunos de nuestros servicios.<\/p>\n\n\n\n<p><strong>Enlaces a terceros<\/strong><\/p>\n\n\n\n<p>Este sitio web puede contener enlaces a otros sitios que pueden ser de su inter\u00e9s. Una vez que hace clic en estos enlaces y abandona nuestra p\u00e1gina, ya no tenemos control sobre el sitio al que es redirigido y, por lo tanto, no somos responsables de los t\u00e9rminos o la privacidad o la protecci\u00f3n de sus datos en esos otros sitios de terceros. Estos sitios est\u00e1n sujetos a sus propias pol\u00edticas de privacidad, por lo que se recomienda que los consulte para confirmar que est\u00e1 de acuerdo con estas.<\/p>\n\n\n\n<p><strong>Control de su informaci\u00f3n personal<\/strong><\/p>\n\n\n\n<p>En cualquier momento puede restringir la recopilaci\u00f3n o el uso de la informaci\u00f3n personal que se proporciona a nuestro sitio web. Cada vez que se le solicite rellenar un formulario, como el de alta de usuario, puede marcar o desmarcar la opci\u00f3n de recibir informaci\u00f3n por correo electr\u00f3nico. En caso de que hayas marcado la opci\u00f3n de recibir nuestra newsletter o publicidad puedes cancelarla en cualquier momento.<\/p>\n\n\n\n<p>Esta empresa no vender\u00e1, transferir\u00e1 o distribuir\u00e1 la informaci\u00f3n personal que se recopila sin su consentimiento, a menos que sea requerido por un juez con una orden judicial.<\/p>\n\n\n\n<p>Top Corps se reserva el derecho de cambiar los t\u00e9rminos de esta Pol\u00edtica de privacidad en cualquier momento.<\/p>","protected":false},"excerpt":{"rendered":"<p>This Privacy Policy establishes the terms in which Top Corps Bcn uses and protects the information that is provided by its users when using its&#8230;<\/p>","protected":false},"author":1,"featured_media":0,"parent":0,"menu_order":0,"comment_status":"closed","ping_status":"closed","template":"","meta":{"footnotes":""},"class_list":["post-5966","page","type-page","status-publish"],"_links":{"self":[{"href":"https:\/\/topcorpsbcn.com\/es\/wp-json\/wp\/v2\/pages\/5966","targetHints":{"allow":["GET"]}}],"collection":[{"href":"https:\/\/topcorpsbcn.com\/es\/wp-json\/wp\/v2\/pages"}],"about":[{"href":"https:\/\/topcorpsbcn.com\/es\/wp-json\/wp\/v2\/types\/page"}],"author":[{"embeddable":true,"href":"https:\/\/topcorpsbcn.com\/es\/wp-json\/wp\/v2\/users\/1"}],"replies":[{"embeddable":true,"href":"https:\/\/topcorpsbcn.com\/es\/wp-json\/wp\/v2\/comments?post=5966"}],"version-history":[{"count":5,"href":"https:\/\/topcorpsbcn.com\/es\/wp-json\/wp\/v2\/pages\/5966\/revisions"}],"predecessor-version":[{"id":6155,"href":"https:\/\/topcorpsbcn.com\/es\/wp-json\/wp\/v2\/pages\/5966\/revisions\/6155"}],"wp:attachment":[{"href":"https:\/\/topcorpsbcn.com\/es\/wp-json\/wp\/v2\/media?parent=5966"}],"curies":[{"name":"wp","href":"https:\/\/api.w.org\/{rel}","templated":true}]}}